{"id":138,"date":"2022-09-11T17:29:19","date_gmt":"2022-09-11T17:29:19","guid":{"rendered":"https:\/\/dorfwirt-enzenhofer.at\/?page_id=138"},"modified":"2023-11-28T11:03:10","modified_gmt":"2023-11-28T11:03:10","slug":"impressum","status":"publish","type":"page","link":"https:\/\/enzi-wirt.at\/?page_id=138","title":{"rendered":"Impressum"},"content":{"rendered":"\n<h2 class=\"wp-block-heading\">Betreiber der Website<\/h2>\n\n\n\n<p>Dorfwirt Enzenhofer<br>Kelzendorf 18<br>4211 Alberndorf<br><strong>Festnetz:&nbsp;<\/strong><a href=\"tel:+43%207235%207011\">07235 7011<\/a><br><strong>Mail:&nbsp;<\/strong><a href=\"mailto:hallo@enzi-wirt.at\">hallo@enzi-wirt.at<\/a><\/p>\n\n\n\n<p><strong>Gesch\u00e4ftsf\u00fchrerIn\/InhaberIn:<\/strong>&nbsp;Andreas und Manuela Enzenhofer<br><strong>Unternehmensgr\u00fcndung:&nbsp;<\/strong>01. Oktober 1995<br><strong>Eingetragener Gegenstand:&nbsp;<\/strong>Betriebsgegenstand: Einzelhandel mit Tabakwaren, Restaurants und Gasth\u00e4user<br><strong>UID-Nummer:&nbsp;<\/strong>ATU60011613<\/p>\n\n\n\n<p><strong>Bildquellen:<\/strong><br>\u00a9\u00a0<a href=\"https:\/\/stock.adobe.com\/de\/images\/film-reel-background\/74041099\">Fotolia<\/a>: Destina<br><\/p>\n\n\n\n<p>Foto von <a href=\"https:\/\/unsplash.com\/de\/@chadmadden?utm_content=creditCopyText&amp;utm_medium=referral&amp;utm_source=unsplash\">Chad Madden<\/a> auf <a href=\"https:\/\/unsplash.com\/de\/fotos\/%ED%81%AC%EB%A6%AC%EC%8A%A4%EB%A7%88%EC%8A%A4-%ED%8A%B8%EB%A6%AC%EC%97%90-%EC%8B%B8%EA%B5%AC%EB%A0%A4%EC%9D%98-%EA%B7%BC%EC%A0%91-%EC%B4%AC%EC%98%81-%EC%82%AC%EC%A7%84-SUTfFCAHV_A?utm_content=creditCopyText&amp;utm_medium=referral&amp;utm_source=unsplash\">Unsplash<\/a> (Christmas Background)<\/p>\n\n\n\n<p>Allgemeine Nutzungsbedingungen<\/p>\n\n\n\n<p>1. Haftungsausschluss<\/p>\n\n\n\n<p>Obwohl die Seiten mit gr\u00f6\u00dfter Sorgfalt erstellt wurden, kann keine Gew\u00e4hr f\u00fcr die Richtigkeit, Vollst\u00e4ndigkeit und Aktualit\u00e4t der bereitgestellten Informationen \u00fcbernommen werden. Der Betreiber der Website bem\u00fcht sich darum, Fehler oder Irrt\u00fcmer zu berichtigen, wenn er Kenntnis davon erh\u00e4lt \u2013 danke f\u00fcr diesbez\u00fcgliche Hinweise. Es wird auch keine Gew\u00e4hr f\u00fcr die Verf\u00fcgbarkeit oder den Betrieb der gegenst\u00e4ndlichen Website und ihrer Inhalte \u00fcbernommen. Jede Haftung f\u00fcr unmittelbare, mittelbare oder sonstige Sch\u00e4den, unabh\u00e4ngig von deren Ursachen, die aus der Benutzung oder Nichtverf\u00fcgbarkeit der Website sowie der bereitgestellten Informationen auf dieser Website erwachsen, wird \u2013 soweit rechtlich zul\u00e4ssig \u2013 ausgeschlossen.<\/p>\n\n\n\n<p>2. Copyright<\/p>\n\n\n\n<p>Der Inhalt dieser Website ist urheberrechtlich gesch\u00fctzt. Die Informationen sind nur f\u00fcr die pers\u00f6nliche Verwendung bestimmt. Jede weitergehende Nutzung, insbesondere die Speicherung in Datenbanken, Vervielf\u00e4ltigung und jede Form von gewerblicher Nutzung sowie die Weitergabe an Dritte \u2013 auch in Teilen oder in \u00fcberarbeiteter Form, insbesondere von Fotos, Abbildungen und Texten \u2013 ohne Zustimmung des Betreibers der Website ist untersagt.<\/p>\n\n\n\n<p>3. Haftung f\u00fcr Links<\/p>\n\n\n\n<p>Diese Website kann Links zu externen Websites enthalten, jedoch hat der Betreiber der Website keinen Einfluss auf diese Zielseiten. Deshalb wird f\u00fcr diese fremden Inhalte auch keine Gew\u00e4hr \u00fcbernommen, daf\u00fcr ist stets der jeweilige Anbieter der Seiten verantwortlich.<\/p>\n","protected":false},"excerpt":{"rendered":"<p>Betreiber der Website Dorfwirt EnzenhoferKelzendorf 184211 AlberndorfFestnetz:&nbsp;07235 7011Mail:&nbsp;hallo@enzi-wirt.at Gesch\u00e4ftsf\u00fchrerIn\/InhaberIn:&nbsp;Andreas und Manuela EnzenhoferUnternehmensgr\u00fcndung:&nbsp;01. Oktober 1995Eingetragener Gegenstand:&nbsp;Betriebsgegenstand: Einzelhandel mit Tabakwaren, Restaurants und Gasth\u00e4userUID-Nummer:&nbsp;ATU60011613 Bildquellen:\u00a9\u00a0Fotolia: Destina Foto von Chad Madden auf Unsplash (Christmas Background) Allgemeine Nutzungsbedingungen 1. Haftungsausschluss Obwohl die Seiten mit gr\u00f6\u00dfter Sorgfalt erstellt wurden, kann keine Gew\u00e4hr f\u00fcr die Richtigkeit, Vollst\u00e4ndigkeit und Aktualit\u00e4t der bereitgestellten Informationen [&hellip;]<\/p>\n","protected":false},"author":1,"featured_media":0,"parent":0,"menu_order":0,"comment_status":"closed","ping_status":"closed","template":"","meta":{"footnotes":""},"class_list":["post-138","page","type-page","status-publish","hentry"],"_links":{"self":[{"href":"https:\/\/enzi-wirt.at\/index.php?rest_route=\/wp\/v2\/pages\/138","targetHints":{"allow":["GET"]}}],"collection":[{"href":"https:\/\/enzi-wirt.at\/index.php?rest_route=\/wp\/v2\/pages"}],"about":[{"href":"https:\/\/enzi-wirt.at\/index.php?rest_route=\/wp\/v2\/types\/page"}],"author":[{"embeddable":true,"href":"https:\/\/enzi-wirt.at\/index.php?rest_route=\/wp\/v2\/users\/1"}],"replies":[{"embeddable":true,"href":"https:\/\/enzi-wirt.at\/index.php?rest_route=%2Fwp%2Fv2%2Fcomments&post=138"}],"version-history":[{"count":5,"href":"https:\/\/enzi-wirt.at\/index.php?rest_route=\/wp\/v2\/pages\/138\/revisions"}],"predecessor-version":[{"id":1368,"href":"https:\/\/enzi-wirt.at\/index.php?rest_route=\/wp\/v2\/pages\/138\/revisions\/1368"}],"wp:attachment":[{"href":"https:\/\/enzi-wirt.at\/index.php?rest_route=%2Fwp%2Fv2%2Fmedia&parent=138"}],"curies":[{"name":"wp","href":"https:\/\/api.w.org\/{rel}","templated":true}]}}